{"id":18058,"date":"2021-02-03T18:06:32","date_gmt":"2021-02-03T18:06:32","guid":{"rendered":"https:\/\/demo.vehicatheme.com\/?page_id=18058"},"modified":"2024-05-07T10:30:57","modified_gmt":"2024-05-07T08:30:57","slug":"komisjonimuuk","status":"publish","type":"page","link":"https:\/\/artevia.ee\/ru\/komisjonimuuk\/","title":{"rendered":"\u041a\u043e\u043c\u0438\u0441\u0441\u0438\u043e\u043d\u043d\u0430\u044f \u043f\u0440\u043e\u0434\u0430\u0436\u0430"},"content":{"rendered":"\t\t<div data-elementor-type=\"wp-page\" data-elementor-id=\"18058\" class=\"elementor elementor-18058\" data-elementor-post-type=\"page\">\n\t\t\t\t\t\t<section class=\"elementor-section elementor-top-section elementor-element elementor-element-817f1a2 elementor-section-boxed elementor-section-height-default elementor-section-height-default\" data-id=\"817f1a2\" data-element_type=\"section\" data-e-type=\"section\">\n\t\t\t\t\t\t<div class=\"elementor-container elementor-column-gap-default\">\n\t\t\t\t\t<div class=\"elementor-column elementor-col-100 elementor-top-column elementor-element elementor-element-c8be628\" data-id=\"c8be628\" data-element_type=\"column\" data-e-type=\"column\">\n\t\t\t<div class=\"elementor-widget-wrap elementor-element-populated\">\n\t\t\t\t\t\t<div class=\"elementor-element elementor-element-ad61e09 elementor-widget elementor-widget-spacer\" data-id=\"ad61e09\" data-element_type=\"widget\" data-e-type=\"widget\" data-widget_type=\"spacer.default\">\n\t\t\t\t<div class=\"elementor-widget-container\">\n\t\t\t\t\t\t\t<div class=\"elementor-spacer\">\n\t\t\t<div class=\"elementor-spacer-inner\"><\/div>\n\t\t<\/div>\n\t\t\t\t\t\t<\/div>\n\t\t\t\t<\/div>\n\t\t\t\t<div class=\"elementor-element elementor-element-e947285 elementor-widget elementor-widget-heading\" data-id=\"e947285\" data-element_type=\"widget\" data-e-type=\"widget\" data-widget_type=\"heading.default\">\n\t\t\t\t<div class=\"elementor-widget-container\">\n\t\t\t\t\t<h1 class=\"elementor-heading-title elementor-size-default\">Komisjonim\u00fc\u00fck<\/h1>\t\t\t\t<\/div>\n\t\t\t\t<\/div>\n\t\t\t\t<div class=\"elementor-element elementor-element-1acd093 elementor-widget elementor-widget-spacer\" data-id=\"1acd093\" data-element_type=\"widget\" data-e-type=\"widget\" data-widget_type=\"spacer.default\">\n\t\t\t\t<div class=\"elementor-widget-container\">\n\t\t\t\t\t\t\t<div class=\"elementor-spacer\">\n\t\t\t<div class=\"elementor-spacer-inner\"><\/div>\n\t\t<\/div>\n\t\t\t\t\t\t<\/div>\n\t\t\t\t<\/div>\n\t\t\t\t\t<\/div>\n\t\t<\/div>\n\t\t\t\t\t<\/div>\n\t\t<\/section>\n\t\t<div class=\"elementor-element elementor-element-d0ee034 e-flex e-con-boxed e-con e-parent\" data-id=\"d0ee034\" data-element_type=\"container\" data-e-type=\"container\">\n\t\t\t\t\t<div class=\"e-con-inner\">\n\t\t<div class=\"elementor-element elementor-element-579cd10 e-con-full e-flex e-con e-child\" data-id=\"579cd10\" data-element_type=\"container\" data-e-type=\"container\">\n\t\t\t\t<div class=\"elementor-element elementor-element-47324b8 elementor-widget elementor-widget-text-editor\" data-id=\"47324b8\" data-element_type=\"widget\" data-e-type=\"widget\" data-widget_type=\"text-editor.default\">\n\t\t\t\t<div class=\"elementor-widget-container\">\n\t\t\t\t\t\t\t\t\t<p><strong>K<\/strong><b>as olete mures oma vana auto m\u00fc\u00fcmisega seotud keerukate ja aegan\u00f5udvate protsesside p\u00e4rast?<\/b><\/p><p>\u00c4rge muretsege, me oleme siin, et aidata!<\/p><p>Artevia pakub komisjonim\u00fc\u00fcgi teenust, mis v\u00f5imaldab Teil oma auto h\u00f5lpsalt ja vaevata m\u00fc\u00fca.<\/p><p>\u00a0<\/p><p><strong>Miks valida Artevia Autokomisjon?<\/strong><\/p><p>Sest me teeme vana auto m\u00fc\u00fcmise Teie jaoks kiireks ja stressivabaks kogemuseks. Teie \u00fclesandeks j\u00e4\u00e4b ainult auto toomine ning meie hoolitseme k\u00f5ige muu eest.<\/p><p>Vabastage end aja- ja energiat n\u00f5udvast auto m\u00fc\u00fcmise protsessist. Laske meil Teid aidata, et saada oma vana auto eest \u00f5iglane hind.<\/p><p>\u00a0<\/p><p><strong>Meie teenuse eelised:<\/strong><\/p><ul><li>Komisjonitasu<strong> 3-7%<\/strong>: Pakume konkurentsiv\u00f5imelist komisjonitasu, mis s\u00f5ltub teie auto hinnast ja seisukorrast. Saate kindel olla, et meie huvi on Teie auto kiire ja eduka m\u00fc\u00fcgi tagamine.<\/li><li>Kogu m\u00fc\u00fcgiprotsess meie hoolde: Meie meeskond tegeleb k\u00f5igi vajalike sammudega, sealhulgas Teie auto ettevalmistamise, professionaalsete kuulutuste loomisega, sotsiaalmeedia reklaamiga ja tehingu sooritamisega.<\/li><li>Teie hind, meie abi: Teie saate ise valida hinna, millega soovite auto m\u00fc\u00fcki panna, ning Meie arutame Teiega l\u00e4bi, kui on vaja hinda alandada v\u00f5i muuta, et tagada Teie auto kiire m\u00fc\u00fck.<\/li><\/ul><p>\u00a0<\/p><p><strong>A<\/strong><b>rtevia keskendub l\u00e4bipaistvusele, klientide rahulolule ning terviklikule teenindusele, muutes nad usaldusv\u00e4\u00e4rseks partneriks kasutatud autode soetamisel ja m\u00fc\u00fcmisel.<\/b><\/p>\t\t\t\t\t\t\t\t<\/div>\n\t\t\t\t<\/div>\n\t\t\t\t<\/div>\n\t\t<div class=\"elementor-element elementor-element-349e211 e-con-full e-flex e-con e-child\" data-id=\"349e211\" data-element_type=\"container\" data-e-type=\"container\">\n\t\t<div class=\"elementor-element elementor-element-54bd426 e-flex e-con-boxed e-con e-child\" data-id=\"54bd426\" data-element_type=\"container\" data-e-type=\"container\">\n\t\t\t\t\t<div class=\"e-con-inner\">\n\t\t\t\t<div class=\"elementor-element elementor-element-30fd2f1 elementor-widget elementor-widget-image\" data-id=\"30fd2f1\" data-element_type=\"widget\" data-e-type=\"widget\" data-widget_type=\"image.default\">\n\t\t\t\t<div class=\"elementor-widget-container\">\n\t\t\t\t\t\t\t\t\t\t\t\t\t\t\t<img fetchpriority=\"high\" decoding=\"async\" width=\"2560\" height=\"2146\" src=\"https:\/\/artevia.ee\/wp-content\/uploads\/2023\/11\/3-1.png\" class=\"attachment-full size-full wp-image-23854\" alt=\"3 1\" srcset=\"https:\/\/artevia.ee\/wp-content\/uploads\/2023\/11\/3-1.png 2560w, https:\/\/artevia.ee\/wp-content\/uploads\/2023\/11\/3-1-300x251.png 300w, https:\/\/artevia.ee\/wp-content\/uploads\/2023\/11\/3-1-1024x858.png 1024w, https:\/\/artevia.ee\/wp-content\/uploads\/2023\/11\/3-1-768x644.png 768w, https:\/\/artevia.ee\/wp-content\/uploads\/2023\/11\/3-1-1536x1288.png 1536w, https:\/\/artevia.ee\/wp-content\/uploads\/2023\/11\/3-1-2048x1717.png 2048w, https:\/\/artevia.ee\/wp-content\/uploads\/2023\/11\/3-1-165x138.png 165w\" sizes=\"(max-width: 2560px) 100vw, 2560px\" \/>\t\t\t\t\t\t\t\t\t\t\t\t\t\t\t<\/div>\n\t\t\t\t<\/div>\n\t\t\t\t<div class=\"elementor-element elementor-element-b6b3c45 elementor-widget elementor-widget-spacer\" data-id=\"b6b3c45\" data-element_type=\"widget\" data-e-type=\"widget\" data-widget_type=\"spacer.default\">\n\t\t\t\t<div class=\"elementor-widget-container\">\n\t\t\t\t\t\t\t<div class=\"elementor-spacer\">\n\t\t\t<div class=\"elementor-spacer-inner\"><\/div>\n\t\t<\/div>\n\t\t\t\t\t\t<\/div>\n\t\t\t\t<\/div>\n\t\t\t\t<div class=\"elementor-element elementor-element-237438e elementor-align-justify elementor-widget__width-initial elementor-invisible elementor-widget elementor-widget-button\" data-id=\"237438e\" data-element_type=\"widget\" data-e-type=\"widget\" data-settings=\"{&quot;_animation&quot;:&quot;pulse&quot;}\" data-widget_type=\"button.default\">\n\t\t\t\t<div class=\"elementor-widget-container\">\n\t\t\t\t\t\t\t\t\t<div class=\"elementor-button-wrapper\">\n\t\t\t\t\t<a class=\"elementor-button elementor-button-link elementor-size-xs\" href=\"https:\/\/artevia.ee\/search\/\">\n\t\t\t\t\t\t<span class=\"elementor-button-content-wrapper\">\n\t\t\t\t\t\t<span class=\"elementor-button-icon\">\n\t\t\t\t<i aria-hidden=\"true\" class=\"fas fa-car-side\"><\/i>\t\t\t<\/span>\n\t\t\t\t\t\t\t\t\t<span class=\"elementor-button-text\">AUTOD M\u00dc\u00dcGIS<\/span>\n\t\t\t\t\t<\/span>\n\t\t\t\t\t<\/a>\n\t\t\t\t<\/div>\n\t\t\t\t\t\t\t\t<\/div>\n\t\t\t\t<\/div>\n\t\t\t\t\t<\/div>\n\t\t\t\t<\/div>\n\t\t\t\t<\/div>\n\t\t\t\t\t<\/div>\n\t\t\t\t<\/div>\n\t\t<div class=\"elementor-element elementor-element-6c30af5 e-flex e-con-boxed e-con e-parent\" data-id=\"6c30af5\" data-element_type=\"container\" data-e-type=\"container\">\n\t\t\t\t\t<div class=\"e-con-inner\">\n\t\t\t\t<div class=\"elementor-element elementor-element-9bc452f elementor-widget elementor-widget-spacer\" data-id=\"9bc452f\" data-element_type=\"widget\" data-e-type=\"widget\" data-widget_type=\"spacer.default\">\n\t\t\t\t<div class=\"elementor-widget-container\">\n\t\t\t\t\t\t\t<div class=\"elementor-spacer\">\n\t\t\t<div class=\"elementor-spacer-inner\"><\/div>\n\t\t<\/div>\n\t\t\t\t\t\t<\/div>\n\t\t\t\t<\/div>\n\t\t\t\t<div class=\"elementor-element elementor-element-44ae9b2 elementor-widget elementor-widget-image\" data-id=\"44ae9b2\" data-element_type=\"widget\" data-e-type=\"widget\" data-widget_type=\"image.default\">\n\t\t\t\t<div class=\"elementor-widget-container\">\n\t\t\t\t\t\t\t\t\t\t\t\t\t\t\t<img decoding=\"async\" width=\"2500\" height=\"200\" src=\"https:\/\/artevia.ee\/wp-content\/uploads\/2023\/11\/test-juhul-ja-kontakt.svg\" class=\"attachment-full size-full wp-image-23910\" alt=\"test juhul ja kontakt\" \/>\t\t\t\t\t\t\t\t\t\t\t\t\t\t\t<\/div>\n\t\t\t\t<\/div>\n\t\t\t\t\t<\/div>\n\t\t\t\t<\/div>\n\t\t<div class=\"elementor-element elementor-element-8de51ff e-flex e-con-boxed e-con e-parent\" data-id=\"8de51ff\" data-element_type=\"container\" data-e-type=\"container\">\n\t\t\t\t\t<div class=\"e-con-inner\">\n\t\t\t\t<div class=\"elementor-element elementor-element-9d0049c elementor-widget elementor-widget-vehica_contact_form_general_widget\" data-id=\"9d0049c\" data-element_type=\"widget\" data-e-type=\"widget\" data-widget_type=\"vehica_contact_form_general_widget.default\">\n\t\t\t\t<div class=\"elementor-widget-container\">\n\t\t\t\t\t<div class=\"vehica-contact-form\">\r\n    \n<div class=\"wpcf7 no-js\" id=\"wpcf7-f18047-o1\" lang=\"en-US\" dir=\"ltr\" data-wpcf7-id=\"18047\">\n<div class=\"screen-reader-response\"><p role=\"status\" aria-live=\"polite\" aria-atomic=\"true\"><\/p> <ul><\/ul><\/div>\n<form action=\"\/ru\/wp-json\/wp\/v2\/pages\/18058#wpcf7-f18047-o1\" method=\"post\" class=\"wpcf7-form init\" aria-label=\"Contact form\" novalidate=\"novalidate\" data-status=\"init\">\n<fieldset class=\"hidden-fields-container\"><input type=\"hidden\" name=\"_wpcf7\" value=\"18047\" \/><input type=\"hidden\" name=\"_wpcf7_version\" value=\"6.1.5\" \/><input type=\"hidden\" name=\"_wpcf7_locale\" value=\"en_US\" \/><input type=\"hidden\" name=\"_wpcf7_unit_tag\" value=\"wpcf7-f18047-o1\" \/><input type=\"hidden\" name=\"_wpcf7_container_post\" value=\"0\" \/><input type=\"hidden\" name=\"_wpcf7_posted_data_hash\" value=\"\" \/><input type=\"hidden\" name=\"_wpcf7_recaptcha_response\" value=\"\" \/>\n<\/fieldset>\n<div class=\"clearfix\">\n\t<div class=\"vehica-3-fields\">\n\t\t<div class=\"vehica-3-fields__left\">\n\t\t\t<p><span class=\"wpcf7-form-control-wrap\" data-name=\"your-name\"><input size=\"40\" maxlength=\"400\" class=\"wpcf7-form-control wpcf7-text\" aria-invalid=\"false\" placeholder=\"Eesnimi\" value=\"\" type=\"text\" name=\"your-name\" \/><\/span>\n\t\t\t<\/p>\n\t\t<\/div>\n\t\t<div class=\"vehica-3-fields__middle\">\n\t\t\t<p><span class=\"wpcf7-form-control-wrap\" data-name=\"your-email\"><input size=\"40\" maxlength=\"400\" class=\"wpcf7-form-control wpcf7-email wpcf7-validates-as-required wpcf7-text wpcf7-validates-as-email\" aria-required=\"true\" aria-invalid=\"false\" placeholder=\"E-mail*\" value=\"\" type=\"email\" name=\"your-email\" \/><\/span>\n\t\t\t<\/p>\n\t\t<\/div>\n\t\t<div class=\"vehica-3-fields__right\">\n\t\t\t<p><span class=\"wpcf7-form-control-wrap\" data-name=\"your-phone\"><input size=\"40\" maxlength=\"400\" class=\"wpcf7-form-control wpcf7-text\" aria-invalid=\"false\" placeholder=\"Telefon\" value=\"\" type=\"text\" name=\"your-phone\" \/><\/span>\n\t\t\t<\/p>\n\t\t<\/div>\n\t<\/div>\n\t<p><span class=\"wpcf7-form-control-wrap\" data-name=\"your-message\"><textarea cols=\"40\" rows=\"10\" maxlength=\"2000\" class=\"wpcf7-form-control wpcf7-textarea wpcf7-validates-as-required\" aria-required=\"true\" aria-invalid=\"false\" placeholder=\"Kirjuta oma k\u00fcsimus siia*\" name=\"your-message\"><\/textarea><\/span>\n\t<\/p>\n\t<div class=\"vehica-2-fields\">\n\t\t<div class=\"vehica-2-fields__left vehica-checkbox-policy\">\n\t\t\t<p><span class=\"wpcf7-form-control-wrap\" data-name=\"vehica-accept\"><span class=\"wpcf7-form-control wpcf7-acceptance\"><span class=\"wpcf7-list-item\"><label><input type=\"checkbox\" name=\"vehica-accept\" value=\"1\" aria-invalid=\"false\" \/><span class=\"wpcf7-list-item-label\">N\u00f5ustun Artevia<a href=\"https:\/\/artevia.ee\/privaatsuspoliitika\/\"> privaatsuspoliitikaga<\/a><\/span><\/label><\/span><\/span><\/span>\n\t\t\t<\/p>\n\t\t<\/div>\n\t\t<div class=\"vehica-2-fields__right\">\n\t\t\t<p><button id=\"submit\" class=\"wpcf7-form-control wpcf7-submit vehica-button vehica-button--icon vehica-button--icon--send\">Esita<\/button>\n\t\t\t<\/p>\n\t\t<\/div>\n\t<\/div>\n<\/div><p style=\"display: none !important;\" class=\"akismet-fields-container\" data-prefix=\"_wpcf7_ak_\"><label>&#916;<textarea name=\"_wpcf7_ak_hp_textarea\" cols=\"45\" rows=\"8\" maxlength=\"100\"><\/textarea><\/label><input type=\"hidden\" id=\"ak_js_1\" name=\"_wpcf7_ak_js\" value=\"133\"\/><script type=\"text\/javascript\">\n\/* <![CDATA[ *\/\ndocument.getElementById( \"ak_js_1\" ).setAttribute( \"value\", ( new Date() ).getTime() );\n\/* ]]> *\/\n<\/script>\n<\/p><div class=\"wpcf7-response-output\" aria-hidden=\"true\"><\/div>\n<\/form>\n<\/div>\n<\/div>\r\n\t\t\t\t<\/div>\n\t\t\t\t<\/div>\n\t\t\t\t<div class=\"elementor-element elementor-element-ed0df50 elementor-widget elementor-widget-spacer\" data-id=\"ed0df50\" data-element_type=\"widget\" data-e-type=\"widget\" data-widget_type=\"spacer.default\">\n\t\t\t\t<div class=\"elementor-widget-container\">\n\t\t\t\t\t\t\t<div class=\"elementor-spacer\">\n\t\t\t<div class=\"elementor-spacer-inner\"><\/div>\n\t\t<\/div>\n\t\t\t\t\t\t<\/div>\n\t\t\t\t<\/div>\n\t\t\t\t\t<\/div>\n\t\t\t\t<\/div>\n\t\t\t\t<\/div>\n\t\t","protected":false},"excerpt":{"rendered":"<p>Komisjonim\u00fc\u00fck Kas olete mures oma vana auto m\u00fc\u00fcmisega seotud keerukate ja aegan\u00f5udvate protsesside p\u00e4rast? \u00c4rge muretsege, me oleme siin, et aidata! Artevia pakub komisjonim\u00fc\u00fcgi teenust, mis v\u00f5imaldab Teil oma auto h\u00f5lpsalt ja vaevata m\u00fc\u00fca. \u00a0 Miks valida Artevia Autokomisjon? Sest me teeme vana auto m\u00fc\u00fcmise Teie jaoks kiireks ja stressivabaks kogemuseks. Teie \u00fclesandeks j\u00e4\u00e4b ainult [&hellip;]<\/p>\n","protected":false},"author":1,"featured_media":23853,"parent":0,"menu_order":0,"comment_status":"closed","ping_status":"closed","template":"","meta":{"_acf_changed":false,"_uf_show_specific_survey":0,"_uf_disable_surveys":false,"footnotes":""},"class_list":["post-18058","page","type-page","status-publish","has-post-thumbnail","hentry"],"acf":[],"yoast_head":"<!-- This site is optimized with the Yoast SEO plugin v27.5 - https:\/\/yoast.com\/product\/yoast-seo-wordpress\/ -->\n<title>Artevia - Komisjonim\u00fc\u00fck<\/title>\n<meta name=\"description\" content=\"Artevia - Sinu usaldusv\u00e4\u00e4rne partner kasutatud autode maailmas. Oleme p\u00fchendunud sellele, et muuta teie autoomaniku teekond eriliseks ja muretuks.\" \/>\n<meta name=\"robots\" content=\"index, follow, max-snippet:-1, max-image-preview:large, max-video-preview:-1\" \/>\n<link rel=\"canonical\" href=\"https:\/\/artevia.ee\/ru\/komisjonimuuk\/\" \/>\n<meta property=\"og:locale\" content=\"ru_RU\" \/>\n<meta property=\"og:type\" content=\"article\" \/>\n<meta property=\"og:title\" content=\"Artevia - Komisjonim\u00fc\u00fck\" \/>\n<meta property=\"og:description\" content=\"Artevia - Sinu usaldusv\u00e4\u00e4rne partner kasutatud autode maailmas. Oleme p\u00fchendunud sellele, et muuta teie autoomaniku teekond eriliseks ja muretuks.\" \/>\n<meta property=\"og:url\" content=\"https:\/\/artevia.ee\/ru\/komisjonimuuk\/\" \/>\n<meta property=\"og:site_name\" content=\"Artevia\" \/>\n<meta property=\"article:publisher\" content=\"https:\/\/www.facebook.com\/Artevia.ee\" \/>\n<meta property=\"article:modified_time\" content=\"2024-05-07T08:30:57+00:00\" \/>\n<meta property=\"og:image\" content=\"https:\/\/artevia.ee\/wp-content\/uploads\/2023\/11\/3.png\" \/>\n\t<meta property=\"og:image:width\" content=\"2560\" \/>\n\t<meta property=\"og:image:height\" content=\"2146\" \/>\n\t<meta property=\"og:image:type\" content=\"image\/png\" \/>\n<meta name=\"twitter:card\" content=\"summary_large_image\" \/>\n<meta name=\"twitter:label1\" content=\"\u041f\u0440\u0438\u043c\u0435\u0440\u043d\u043e\u0435 \u0432\u0440\u0435\u043c\u044f \u0434\u043b\u044f \u0447\u0442\u0435\u043d\u0438\u044f\" \/>\n\t<meta name=\"twitter:data1\" content=\"2 \u043c\u0438\u043d\u0443\u0442\u044b\" \/>\n<script type=\"application\/ld+json\" class=\"yoast-schema-graph\">{\"@context\":\"https:\\\/\\\/schema.org\",\"@graph\":[{\"@type\":\"WebPage\",\"@id\":\"https:\\\/\\\/artevia.ee\\\/komisjonimuuk\\\/\",\"url\":\"https:\\\/\\\/artevia.ee\\\/komisjonimuuk\\\/\",\"name\":\"Artevia - Komisjonim\u00fc\u00fck\",\"isPartOf\":{\"@id\":\"https:\\\/\\\/artevia.ee\\\/#website\"},\"primaryImageOfPage\":{\"@id\":\"https:\\\/\\\/artevia.ee\\\/komisjonimuuk\\\/#primaryimage\"},\"image\":{\"@id\":\"https:\\\/\\\/artevia.ee\\\/komisjonimuuk\\\/#primaryimage\"},\"thumbnailUrl\":\"https:\\\/\\\/artevia.ee\\\/wp-content\\\/uploads\\\/2023\\\/11\\\/3.png\",\"datePublished\":\"2021-02-03T18:06:32+00:00\",\"dateModified\":\"2024-05-07T08:30:57+00:00\",\"description\":\"Artevia - Sinu usaldusv\u00e4\u00e4rne partner kasutatud autode maailmas. Oleme p\u00fchendunud sellele, et muuta teie autoomaniku teekond eriliseks ja muretuks.\",\"breadcrumb\":{\"@id\":\"https:\\\/\\\/artevia.ee\\\/komisjonimuuk\\\/#breadcrumb\"},\"inLanguage\":\"ru-RU\",\"potentialAction\":[{\"@type\":\"ReadAction\",\"target\":[\"https:\\\/\\\/artevia.ee\\\/komisjonimuuk\\\/\"]}]},{\"@type\":\"ImageObject\",\"inLanguage\":\"ru-RU\",\"@id\":\"https:\\\/\\\/artevia.ee\\\/komisjonimuuk\\\/#primaryimage\",\"url\":\"https:\\\/\\\/artevia.ee\\\/wp-content\\\/uploads\\\/2023\\\/11\\\/3.png\",\"contentUrl\":\"https:\\\/\\\/artevia.ee\\\/wp-content\\\/uploads\\\/2023\\\/11\\\/3.png\",\"width\":2560,\"height\":2146,\"caption\":\"3\"},{\"@type\":\"BreadcrumbList\",\"@id\":\"https:\\\/\\\/artevia.ee\\\/komisjonimuuk\\\/#breadcrumb\",\"itemListElement\":[{\"@type\":\"ListItem\",\"position\":1,\"name\":\"Home\",\"item\":\"https:\\\/\\\/artevia.ee\\\/\"},{\"@type\":\"ListItem\",\"position\":2,\"name\":\"Komisjonim\u00fc\u00fck\"}]},{\"@type\":\"WebSite\",\"@id\":\"https:\\\/\\\/artevia.ee\\\/#website\",\"url\":\"https:\\\/\\\/artevia.ee\\\/\",\"name\":\"Artevia\",\"description\":\"Teie usaldusv&auml;&auml;rne partner kasutatud autode maailmas????\",\"publisher\":{\"@id\":\"https:\\\/\\\/artevia.ee\\\/#organization\"},\"alternateName\":\"artevia.ee\",\"potentialAction\":[{\"@type\":\"SearchAction\",\"target\":{\"@type\":\"EntryPoint\",\"urlTemplate\":\"https:\\\/\\\/artevia.ee\\\/?s={search_term_string}\"},\"query-input\":{\"@type\":\"PropertyValueSpecification\",\"valueRequired\":true,\"valueName\":\"search_term_string\"}}],\"inLanguage\":\"ru-RU\"},{\"@type\":\"Organization\",\"@id\":\"https:\\\/\\\/artevia.ee\\\/#organization\",\"name\":\"Artevia\",\"alternateName\":\"Artevia O\u00dc\",\"url\":\"https:\\\/\\\/artevia.ee\\\/\",\"logo\":{\"@type\":\"ImageObject\",\"inLanguage\":\"ru-RU\",\"@id\":\"https:\\\/\\\/artevia.ee\\\/#\\\/schema\\\/logo\\\/image\\\/\",\"url\":\"https:\\\/\\\/artevia.ee\\\/wp-content\\\/uploads\\\/2023\\\/10\\\/customcolor_logo_transparent_background.png\",\"contentUrl\":\"https:\\\/\\\/artevia.ee\\\/wp-content\\\/uploads\\\/2023\\\/10\\\/customcolor_logo_transparent_background.png\",\"width\":2560,\"height\":1536,\"caption\":\"Artevia\"},\"image\":{\"@id\":\"https:\\\/\\\/artevia.ee\\\/#\\\/schema\\\/logo\\\/image\\\/\"},\"sameAs\":[\"https:\\\/\\\/www.facebook.com\\\/Artevia.ee\",\"https:\\\/\\\/www.instagram.com\\\/artevia.ee\\\/\"]}]}<\/script>\n<!-- \/ Yoast SEO plugin. -->","yoast_head_json":{"title":"Artevia - Komisjonim\u00fc\u00fck","description":"Artevia - Sinu usaldusv\u00e4\u00e4rne partner kasutatud autode maailmas. Oleme p\u00fchendunud sellele, et muuta teie autoomaniku teekond eriliseks ja muretuks.","robots":{"index":"index","follow":"follow","max-snippet":"max-snippet:-1","max-image-preview":"max-image-preview:large","max-video-preview":"max-video-preview:-1"},"canonical":"https:\/\/artevia.ee\/ru\/komisjonimuuk\/","og_locale":"ru_RU","og_type":"article","og_title":"Artevia - Komisjonim\u00fc\u00fck","og_description":"Artevia - Sinu usaldusv\u00e4\u00e4rne partner kasutatud autode maailmas. Oleme p\u00fchendunud sellele, et muuta teie autoomaniku teekond eriliseks ja muretuks.","og_url":"https:\/\/artevia.ee\/ru\/komisjonimuuk\/","og_site_name":"Artevia","article_publisher":"https:\/\/www.facebook.com\/Artevia.ee","article_modified_time":"2024-05-07T08:30:57+00:00","og_image":[{"width":2560,"height":2146,"url":"https:\/\/artevia.ee\/wp-content\/uploads\/2023\/11\/3.png","type":"image\/png"}],"twitter_card":"summary_large_image","twitter_misc":{"\u041f\u0440\u0438\u043c\u0435\u0440\u043d\u043e\u0435 \u0432\u0440\u0435\u043c\u044f \u0434\u043b\u044f \u0447\u0442\u0435\u043d\u0438\u044f":"2 \u043c\u0438\u043d\u0443\u0442\u044b"},"schema":{"@context":"https:\/\/schema.org","@graph":[{"@type":"WebPage","@id":"https:\/\/artevia.ee\/komisjonimuuk\/","url":"https:\/\/artevia.ee\/komisjonimuuk\/","name":"Artevia - Komisjonim\u00fc\u00fck","isPartOf":{"@id":"https:\/\/artevia.ee\/#website"},"primaryImageOfPage":{"@id":"https:\/\/artevia.ee\/komisjonimuuk\/#primaryimage"},"image":{"@id":"https:\/\/artevia.ee\/komisjonimuuk\/#primaryimage"},"thumbnailUrl":"https:\/\/artevia.ee\/wp-content\/uploads\/2023\/11\/3.png","datePublished":"2021-02-03T18:06:32+00:00","dateModified":"2024-05-07T08:30:57+00:00","description":"Artevia - Sinu usaldusv\u00e4\u00e4rne partner kasutatud autode maailmas. Oleme p\u00fchendunud sellele, et muuta teie autoomaniku teekond eriliseks ja muretuks.","breadcrumb":{"@id":"https:\/\/artevia.ee\/komisjonimuuk\/#breadcrumb"},"inLanguage":"ru-RU","potentialAction":[{"@type":"ReadAction","target":["https:\/\/artevia.ee\/komisjonimuuk\/"]}]},{"@type":"ImageObject","inLanguage":"ru-RU","@id":"https:\/\/artevia.ee\/komisjonimuuk\/#primaryimage","url":"https:\/\/artevia.ee\/wp-content\/uploads\/2023\/11\/3.png","contentUrl":"https:\/\/artevia.ee\/wp-content\/uploads\/2023\/11\/3.png","width":2560,"height":2146,"caption":"3"},{"@type":"BreadcrumbList","@id":"https:\/\/artevia.ee\/komisjonimuuk\/#breadcrumb","itemListElement":[{"@type":"ListItem","position":1,"name":"Home","item":"https:\/\/artevia.ee\/"},{"@type":"ListItem","position":2,"name":"Komisjonim\u00fc\u00fck"}]},{"@type":"WebSite","@id":"https:\/\/artevia.ee\/#website","url":"https:\/\/artevia.ee\/","name":"Artevia","description":"Teie usaldusv&auml;&auml;rne partner kasutatud autode maailmas????","publisher":{"@id":"https:\/\/artevia.ee\/#organization"},"alternateName":"artevia.ee","potentialAction":[{"@type":"SearchAction","target":{"@type":"EntryPoint","urlTemplate":"https:\/\/artevia.ee\/?s={search_term_string}"},"query-input":{"@type":"PropertyValueSpecification","valueRequired":true,"valueName":"search_term_string"}}],"inLanguage":"ru-RU"},{"@type":"Organization","@id":"https:\/\/artevia.ee\/#organization","name":"Artevia","alternateName":"Artevia O\u00dc","url":"https:\/\/artevia.ee\/","logo":{"@type":"ImageObject","inLanguage":"ru-RU","@id":"https:\/\/artevia.ee\/#\/schema\/logo\/image\/","url":"https:\/\/artevia.ee\/wp-content\/uploads\/2023\/10\/customcolor_logo_transparent_background.png","contentUrl":"https:\/\/artevia.ee\/wp-content\/uploads\/2023\/10\/customcolor_logo_transparent_background.png","width":2560,"height":1536,"caption":"Artevia"},"image":{"@id":"https:\/\/artevia.ee\/#\/schema\/logo\/image\/"},"sameAs":["https:\/\/www.facebook.com\/Artevia.ee","https:\/\/www.instagram.com\/artevia.ee\/"]}]}},"_links":{"self":[{"href":"https:\/\/artevia.ee\/ru\/wp-json\/wp\/v2\/pages\/18058","targetHints":{"allow":["GET"]}}],"collection":[{"href":"https:\/\/artevia.ee\/ru\/wp-json\/wp\/v2\/pages"}],"about":[{"href":"https:\/\/artevia.ee\/ru\/wp-json\/wp\/v2\/types\/page"}],"author":[{"embeddable":true,"href":"https:\/\/artevia.ee\/ru\/wp-json\/wp\/v2\/users\/1"}],"replies":[{"embeddable":true,"href":"https:\/\/artevia.ee\/ru\/wp-json\/wp\/v2\/comments?post=18058"}],"version-history":[{"count":46,"href":"https:\/\/artevia.ee\/ru\/wp-json\/wp\/v2\/pages\/18058\/revisions"}],"predecessor-version":[{"id":24959,"href":"https:\/\/artevia.ee\/ru\/wp-json\/wp\/v2\/pages\/18058\/revisions\/24959"}],"wp:featuredmedia":[{"embeddable":true,"href":"https:\/\/artevia.ee\/ru\/wp-json\/wp\/v2\/media\/23853"}],"wp:attachment":[{"href":"https:\/\/artevia.ee\/ru\/wp-json\/wp\/v2\/media?parent=18058"}],"curies":[{"name":"wp","href":"https:\/\/api.w.org\/{rel}","templated":true}]}}