{"id":12772,"date":"2020-07-21T15:13:37","date_gmt":"2020-07-21T15:13:37","guid":{"rendered":"https:\/\/demo1.mycartheme.com\/?page_id=12772"},"modified":"2024-08-01T14:46:43","modified_gmt":"2024-08-01T12:46:43","slug":"login-register","status":"publish","type":"page","link":"https:\/\/artevia.ee\/ru\/login-register\/","title":{"rendered":"Login \/ Register"},"content":{"rendered":"\t\t<div data-elementor-type=\"wp-page\" data-elementor-id=\"12772\" class=\"elementor elementor-12772\" data-elementor-post-type=\"page\">\n\t\t\t\t\t\t<section class=\"elementor-section elementor-top-section elementor-element elementor-element-1dc243a elementor-section-stretched vehica-login-register-page elementor-section-boxed elementor-section-height-default elementor-section-height-default\" data-id=\"1dc243a\" data-element_type=\"section\" data-e-type=\"section\" data-settings=\"{&quot;stretch_section&quot;:&quot;section-stretched&quot;}\">\n\t\t\t\t\t\t<div class=\"elementor-container elementor-column-gap-default\">\n\t\t\t\t\t<div class=\"elementor-column elementor-col-100 elementor-top-column elementor-element elementor-element-8a3a0d5\" data-id=\"8a3a0d5\" data-element_type=\"column\" data-e-type=\"column\">\n\t\t\t<div class=\"elementor-widget-wrap elementor-element-populated\">\n\t\t\t\t\t\t<div class=\"elementor-element elementor-element-17bfa30 elementor-widget elementor-widget-vehica_login_general_widget\" data-id=\"17bfa30\" data-element_type=\"widget\" data-e-type=\"widget\" data-widget_type=\"vehica_login_general_widget.default\">\n\t\t\t\t<div class=\"elementor-widget-container\">\n\t\t\t\t\t<div\r\n            class=\"vehica-app vehica-panel vehica-register-closed\"\r\n    >\r\n            <vehica-login-tabs>\r\n            <div slot-scope=\"props\" class=\"vehica-login-register-wide-container\">\r\n\r\n                \r\n                <div class=\"vehica-panel-login-register\">\r\n                    <div class=\"vehica-login\" :class=\"{'vehica-active': props.currentTab === 'login'}\">\r\n                        <div class=\"vehica-login__inner\">\r\n                            <h2>Logi sisse oma kontole<\/h2>\r\n\r\n                            <h3>Tere tulemast tagasi! Logige sisse oma kontole, et p\u00e4\u00e4seda juurde oma andmetele ja s\u00e4tetele.<\/h3>\r\n\r\n                            <vehica-login\r\n        request-url=\"https:\/\/artevia.ee\/wp-admin\/admin-post.php?action=vehica_login\"\r\n        vehica-nonce=\"b685e0d639\"\r\n        redirect-url=\"https:\/\/artevia.ee\/ru\/panel\/?action=list\"\r\n        :is-admin=\"false\"\r\n            :re-captcha=\"true\"\r\n        re-captcha-key=\"6LeoXPooAAAAAJirz01FrkZi_00AHb9gYebwDXXi\"\r\n    >\r\n    <div slot-scope=\"form\">\r\n        <form @submit.prevent=\"form.onLogin\">\r\n            <template>\r\n                <div\r\n                        v-if=\"form.message && form.message !== ''\"\r\n                        class=\"vehica-register-login-notice\"\r\n                >\r\n                    {{ form.message }}\r\n                <\/div>\r\n\r\n                <div\r\n                        v-if=\"form.confirmationRequired\"\r\n                        class=\"vehica-register-login-notice vehica-register-login-notice--resend-email\"\r\n                >\r\n                    <div>\r\n                        Teie Kasutaja ei ole kinnitatud                    <\/div>\r\n\r\n                    <div>\r\n                        Palun kinnitage oma e-posti aadressile saadetud lingi kaudu.                    <\/div>\r\n\r\n                    <a href=\"https:\/\/artevia.ee\/ru\/login-register\/?action=send_confirmation\">\r\n                        <i class=\"fas fa-envelope\"><\/i> Saatke kinnituskiri uuesti                    <\/a>\r\n                <\/div>\r\n            <\/template>\r\n\r\n            \r\n            <div class=\"vehica-fields\">\r\n                <div\r\n                        class=\"vehica-field\"\r\n                        :class=\"{'vehica-field--validation-required': form.showLoginError}\"\r\n                >\r\n                    <input\r\n                            id=\"login\"\r\n                            name=\"login\"\r\n                            placeholder=\"E-posti aadress v\u00f5i kasutajanimi.\"\r\n                            @input=\"form.setLogin($event.target.value)\"\r\n                            :value=\"form.login\"\r\n                            type=\"text\"\r\n                    >\r\n\r\n                    <template>\r\n                        <div v-if=\"form.showErrors\" class=\"vehica-field--validation-required__tip\">\r\n                            <div v-if=\"!form.errors.login.required\"\r\n                                 class=\"vehica-field--validation-required__tip__text\">\r\n                                V\u00e4li on kohustuslik                            <\/div>\r\n                            <div v-if=\"!form.errors.login.minLength\"\r\n                                 class=\"vehica-field--validation-required__tip__text\">\r\n                                Kasutajanimi peab sisaldama v\u00e4hemalt 4 t\u00e4hte.                            <\/div>\r\n                        <\/div>\r\n                    <\/template>\r\n                <\/div>\r\n\r\n                <div\r\n                        class=\"vehica-field\"\r\n                        :class=\"{'vehica-field--validation-required': form.showPasswordError}\"\r\n                >\r\n                    <input\r\n                            id=\"vehica-login-password\"\r\n                            name=\"password\"\r\n                            @input=\"form.setPassword($event.target.value)\"\r\n                            placeholder=\"Parool\"\r\n                            :value=\"form.password\"\r\n                            type=\"password\"\r\n                    >\r\n\r\n                    <template>\r\n                        <div v-if=\"form.showErrors\" class=\"vehica-field--validation-required__tip\">\r\n                            <div v-if=\"!form.errors.password.required\"\r\n                                 class=\"vehica-field--validation-required__tip__text\">\r\n                                V\u00e4li on kohustuslik                            <\/div>\r\n\r\n                            <div v-if=\"!form.errors.password.minLength\"\r\n                                 class=\"vehica-field--validation-required__tip__text\">\r\n                                Parooli peab olema v\u00e4hemalt 6-s\u00fcmbolline                            <\/div>\r\n                        <\/div>\r\n                    <\/template>\r\n                <\/div>\r\n            <\/div>\r\n\r\n            <div class=\"vehica-login__below-fields\">\r\n                <div class=\"vehica-login__remember\">\r\n                    <div class=\"vehica-checkbox\">\r\n                        <input\r\n                                @change.prevent=\"form.setRemember\"\r\n                                id=\"remember\"\r\n                                name=\"remember\"\r\n                                type=\"checkbox\"\r\n                                :checked=\"form.remember\"\r\n                        >\r\n\r\n                        <label for=\"remember\">\r\n                            M\u00e4leta                        <\/label>\r\n                    <\/div>\r\n                <\/div>\r\n\r\n                <div class=\"vehica-login__forgotten-password\">\r\n                    <a href=\"https:\/\/artevia.ee\/ru\/login-register\/?action=reset_password\">\r\n                        Unustasid parooli?                    <\/a>\r\n                <\/div>\r\n            <\/div>\r\n\r\n            <button\r\n                    class=\"vehica-button vehica-button--login vehica-button--with-progress-animation\"\r\n                    :class=\"{'vehica-button--with-progress-animation--active': form.inProgress}\"\r\n                    :disabled=\"form.inProgress\"\r\n            >\r\n                <template>\r\n                    <svg\r\n                            v-if=\"form.inProgress\"\r\n                            width=\"120\"\r\n                            height=\"30\"\r\n                            wviewBox=\"0 0 120 30\"\r\n                            xmlns=\"http:\/\/www.w3.org\/2000\/svg\"\r\n                            fill=\"#fff\"\r\n                    >\r\n                        <circle cx=\"15\" cy=\"15\" r=\"15\">\r\n                            <animate attributeName=\"r\" from=\"15\" to=\"15\"\r\n                                     begin=\"0s\" dur=\"0.8s\"\r\n                                     values=\"15;9;15\" calcMode=\"linear\"\r\n                                     repeatCount=\"indefinite\"\/>\r\n                            <animate attributeName=\"fill-opacity\" from=\"1\" to=\"1\"\r\n                                     begin=\"0s\" dur=\"0.8s\"\r\n                                     values=\"1;.5;1\" calcMode=\"linear\"\r\n                                     repeatCount=\"indefinite\"\/>\r\n                        <\/circle>\r\n                        <circle cx=\"60\" cy=\"15\" r=\"9\" fill-opacity=\"0.3\">\r\n                            <animate attributeName=\"r\" from=\"9\" to=\"9\"\r\n                                     begin=\"0s\" dur=\"0.8s\"\r\n                                     values=\"9;15;9\" calcMode=\"linear\"\r\n                                     repeatCount=\"indefinite\"\/>\r\n                            <animate attributeName=\"fill-opacity\" from=\"0.5\" to=\"0.5\"\r\n                                     begin=\"0s\" dur=\"0.8s\"\r\n                                     values=\".5;1;.5\" calcMode=\"linear\"\r\n                                     repeatCount=\"indefinite\"\/>\r\n                        <\/circle>\r\n                        <circle cx=\"105\" cy=\"15\" r=\"15\">\r\n                            <animate attributeName=\"r\" from=\"15\" to=\"15\"\r\n                                     begin=\"0s\" dur=\"0.8s\"\r\n                                     values=\"15;9;15\" calcMode=\"linear\"\r\n                                     repeatCount=\"indefinite\"\/>\r\n                            <animate attributeName=\"fill-opacity\" from=\"1\" to=\"1\"\r\n                                     begin=\"0s\" dur=\"0.8s\"\r\n                                     values=\"1;.5;1\" calcMode=\"linear\"\r\n                                     repeatCount=\"indefinite\"\/>\r\n                        <\/circle>\r\n                    <\/svg>\r\n                <\/template>\r\n\r\n                <span>Sisselogimine<\/span>\r\n            <\/button>\r\n        <\/form>\r\n    <\/div>\r\n<\/vehica-login>\r\n                        <\/div>\r\n                    <\/div>\r\n\r\n                                    <\/div>\r\n            <\/div>\r\n        <\/vehica-login-tabs>\r\n    <\/div>\t\t\t\t<\/div>\n\t\t\t\t<\/div>\n\t\t\t\t\t<\/div>\n\t\t<\/div>\n\t\t\t\t\t<\/div>\n\t\t<\/section>\n\t\t<div class=\"elementor-element elementor-element-9effc34 e-flex e-con-boxed e-con e-parent\" data-id=\"9effc34\" data-element_type=\"container\" data-e-type=\"container\">\n\t\t\t\t\t<div class=\"e-con-inner\">\n\t\t\t\t<div class=\"elementor-element elementor-element-54ba345 elementor-widget elementor-widget-shortcode\" data-id=\"54ba345\" data-element_type=\"widget\" data-e-type=\"widget\" data-widget_type=\"shortcode.default\">\n\t\t\t\t<div class=\"elementor-widget-container\">\n\t\t\t\t\t\t\t<div class=\"elementor-shortcode\">[easycar_vehicles]<\/div>\n\t\t\t\t\t\t<\/div>\n\t\t\t\t<\/div>\n\t\t\t\t\t<\/div>\n\t\t\t\t<\/div>\n\t\t\t\t<\/div>\n\t\t","protected":false},"excerpt":{"rendered":"<p>Logi sisse oma kontole Tere tulemast tagasi! Logige sisse oma kontole, et p\u00e4\u00e4seda juurde oma andmetele ja s\u00e4tetele. {{ form.message }} Teie Kasutaja ei ole kinnitatud Palun kinnitage oma e-posti aadressile saadetud lingi kaudu. Saatke kinnituskiri uuesti V\u00e4li on kohustuslik Kasutajanimi peab sisaldama v\u00e4hemalt 4 t\u00e4hte. V\u00e4li on kohustuslik Parooli peab olema v\u00e4hemalt 6-s\u00fcmbolline M\u00e4leta [&hellip;]<\/p>\n","protected":false},"author":1,"featured_media":0,"parent":0,"menu_order":0,"comment_status":"closed","ping_status":"closed","template":"","meta":{"_acf_changed":false,"_uf_show_specific_survey":0,"_uf_disable_surveys":false,"footnotes":""},"class_list":["post-12772","page","type-page","status-publish","hentry"],"acf":[],"yoast_head":"<!-- This site is optimized with the Yoast SEO plugin v27.3 - https:\/\/yoast.com\/product\/yoast-seo-wordpress\/ -->\n<title>Login \/ Register - Artevia<\/title>\n<meta name=\"robots\" content=\"index, follow, max-snippet:-1, max-image-preview:large, max-video-preview:-1\" \/>\n<link rel=\"canonical\" href=\"https:\/\/artevia.ee\/ru\/login-register\/\" \/>\n<meta property=\"og:locale\" content=\"ru_RU\" \/>\n<meta property=\"og:type\" content=\"article\" \/>\n<meta property=\"og:title\" content=\"Login \/ Register - Artevia\" \/>\n<meta property=\"og:description\" content=\"Logi sisse oma kontole Tere tulemast tagasi! Logige sisse oma kontole, et p\u00e4\u00e4seda juurde oma andmetele ja s\u00e4tetele. {{ form.message }} Teie Kasutaja ei ole kinnitatud Palun kinnitage oma e-posti aadressile saadetud lingi kaudu. Saatke kinnituskiri uuesti V\u00e4li on kohustuslik Kasutajanimi peab sisaldama v\u00e4hemalt 4 t\u00e4hte. V\u00e4li on kohustuslik Parooli peab olema v\u00e4hemalt 6-s\u00fcmbolline M\u00e4leta [&hellip;]\" \/>\n<meta property=\"og:url\" content=\"https:\/\/artevia.ee\/ru\/login-register\/\" \/>\n<meta property=\"og:site_name\" content=\"Artevia\" \/>\n<meta property=\"article:publisher\" content=\"https:\/\/www.facebook.com\/Artevia.ee\" \/>\n<meta property=\"article:modified_time\" content=\"2024-08-01T12:46:43+00:00\" \/>\n<meta property=\"og:image\" content=\"https:\/\/artevia.ee\/wp-content\/uploads\/2023\/11\/SITE-OTSID-2.png\" \/>\n\t<meta property=\"og:image:width\" content=\"2560\" \/>\n\t<meta property=\"og:image:height\" content=\"2146\" \/>\n\t<meta property=\"og:image:type\" content=\"image\/png\" \/>\n<meta name=\"twitter:card\" content=\"summary_large_image\" \/>\n<meta name=\"twitter:label1\" content=\"\u041f\u0440\u0438\u043c\u0435\u0440\u043d\u043e\u0435 \u0432\u0440\u0435\u043c\u044f \u0434\u043b\u044f \u0447\u0442\u0435\u043d\u0438\u044f\" \/>\n\t<meta name=\"twitter:data1\" content=\"1 \u043c\u0438\u043d\u0443\u0442\u0430\" \/>\n<script type=\"application\/ld+json\" class=\"yoast-schema-graph\">{\"@context\":\"https:\\\/\\\/schema.org\",\"@graph\":[{\"@type\":\"WebPage\",\"@id\":\"https:\\\/\\\/artevia.ee\\\/login-register\\\/\",\"url\":\"https:\\\/\\\/artevia.ee\\\/login-register\\\/\",\"name\":\"Login \\\/ Register - Artevia\",\"isPartOf\":{\"@id\":\"https:\\\/\\\/artevia.ee\\\/#website\"},\"datePublished\":\"2020-07-21T15:13:37+00:00\",\"dateModified\":\"2024-08-01T12:46:43+00:00\",\"breadcrumb\":{\"@id\":\"https:\\\/\\\/artevia.ee\\\/login-register\\\/#breadcrumb\"},\"inLanguage\":\"ru-RU\",\"potentialAction\":[{\"@type\":\"ReadAction\",\"target\":[\"https:\\\/\\\/artevia.ee\\\/login-register\\\/\"]}]},{\"@type\":\"BreadcrumbList\",\"@id\":\"https:\\\/\\\/artevia.ee\\\/login-register\\\/#breadcrumb\",\"itemListElement\":[{\"@type\":\"ListItem\",\"position\":1,\"name\":\"Home\",\"item\":\"https:\\\/\\\/artevia.ee\\\/\"},{\"@type\":\"ListItem\",\"position\":2,\"name\":\"Login \\\/ Register\"}]},{\"@type\":\"WebSite\",\"@id\":\"https:\\\/\\\/artevia.ee\\\/#website\",\"url\":\"https:\\\/\\\/artevia.ee\\\/\",\"name\":\"Artevia\",\"description\":\"Teie usaldusv&auml;&auml;rne partner kasutatud autode maailmas????\",\"publisher\":{\"@id\":\"https:\\\/\\\/artevia.ee\\\/#organization\"},\"alternateName\":\"artevia.ee\",\"potentialAction\":[{\"@type\":\"SearchAction\",\"target\":{\"@type\":\"EntryPoint\",\"urlTemplate\":\"https:\\\/\\\/artevia.ee\\\/?s={search_term_string}\"},\"query-input\":{\"@type\":\"PropertyValueSpecification\",\"valueRequired\":true,\"valueName\":\"search_term_string\"}}],\"inLanguage\":\"ru-RU\"},{\"@type\":\"Organization\",\"@id\":\"https:\\\/\\\/artevia.ee\\\/#organization\",\"name\":\"Artevia\",\"alternateName\":\"Artevia O\u00dc\",\"url\":\"https:\\\/\\\/artevia.ee\\\/\",\"logo\":{\"@type\":\"ImageObject\",\"inLanguage\":\"ru-RU\",\"@id\":\"https:\\\/\\\/artevia.ee\\\/#\\\/schema\\\/logo\\\/image\\\/\",\"url\":\"https:\\\/\\\/artevia.ee\\\/wp-content\\\/uploads\\\/2023\\\/10\\\/customcolor_logo_transparent_background.png\",\"contentUrl\":\"https:\\\/\\\/artevia.ee\\\/wp-content\\\/uploads\\\/2023\\\/10\\\/customcolor_logo_transparent_background.png\",\"width\":2560,\"height\":1536,\"caption\":\"Artevia\"},\"image\":{\"@id\":\"https:\\\/\\\/artevia.ee\\\/#\\\/schema\\\/logo\\\/image\\\/\"},\"sameAs\":[\"https:\\\/\\\/www.facebook.com\\\/Artevia.ee\",\"https:\\\/\\\/www.instagram.com\\\/artevia.ee\\\/\"]}]}<\/script>\n<!-- \/ Yoast SEO plugin. -->","yoast_head_json":{"title":"Login \/ Register - Artevia","robots":{"index":"index","follow":"follow","max-snippet":"max-snippet:-1","max-image-preview":"max-image-preview:large","max-video-preview":"max-video-preview:-1"},"canonical":"https:\/\/artevia.ee\/ru\/login-register\/","og_locale":"ru_RU","og_type":"article","og_title":"Login \/ Register - Artevia","og_description":"Logi sisse oma kontole Tere tulemast tagasi! Logige sisse oma kontole, et p\u00e4\u00e4seda juurde oma andmetele ja s\u00e4tetele. {{ form.message }} Teie Kasutaja ei ole kinnitatud Palun kinnitage oma e-posti aadressile saadetud lingi kaudu. Saatke kinnituskiri uuesti V\u00e4li on kohustuslik Kasutajanimi peab sisaldama v\u00e4hemalt 4 t\u00e4hte. V\u00e4li on kohustuslik Parooli peab olema v\u00e4hemalt 6-s\u00fcmbolline M\u00e4leta [&hellip;]","og_url":"https:\/\/artevia.ee\/ru\/login-register\/","og_site_name":"Artevia","article_publisher":"https:\/\/www.facebook.com\/Artevia.ee","article_modified_time":"2024-08-01T12:46:43+00:00","og_image":[{"width":2560,"height":2146,"url":"https:\/\/artevia.ee\/wp-content\/uploads\/2023\/11\/SITE-OTSID-2.png","type":"image\/png"}],"twitter_card":"summary_large_image","twitter_misc":{"\u041f\u0440\u0438\u043c\u0435\u0440\u043d\u043e\u0435 \u0432\u0440\u0435\u043c\u044f \u0434\u043b\u044f \u0447\u0442\u0435\u043d\u0438\u044f":"1 \u043c\u0438\u043d\u0443\u0442\u0430"},"schema":{"@context":"https:\/\/schema.org","@graph":[{"@type":"WebPage","@id":"https:\/\/artevia.ee\/login-register\/","url":"https:\/\/artevia.ee\/login-register\/","name":"Login \/ Register - Artevia","isPartOf":{"@id":"https:\/\/artevia.ee\/#website"},"datePublished":"2020-07-21T15:13:37+00:00","dateModified":"2024-08-01T12:46:43+00:00","breadcrumb":{"@id":"https:\/\/artevia.ee\/login-register\/#breadcrumb"},"inLanguage":"ru-RU","potentialAction":[{"@type":"ReadAction","target":["https:\/\/artevia.ee\/login-register\/"]}]},{"@type":"BreadcrumbList","@id":"https:\/\/artevia.ee\/login-register\/#breadcrumb","itemListElement":[{"@type":"ListItem","position":1,"name":"Home","item":"https:\/\/artevia.ee\/"},{"@type":"ListItem","position":2,"name":"Login \/ Register"}]},{"@type":"WebSite","@id":"https:\/\/artevia.ee\/#website","url":"https:\/\/artevia.ee\/","name":"Artevia","description":"Teie usaldusv&auml;&auml;rne partner kasutatud autode maailmas????","publisher":{"@id":"https:\/\/artevia.ee\/#organization"},"alternateName":"artevia.ee","potentialAction":[{"@type":"SearchAction","target":{"@type":"EntryPoint","urlTemplate":"https:\/\/artevia.ee\/?s={search_term_string}"},"query-input":{"@type":"PropertyValueSpecification","valueRequired":true,"valueName":"search_term_string"}}],"inLanguage":"ru-RU"},{"@type":"Organization","@id":"https:\/\/artevia.ee\/#organization","name":"Artevia","alternateName":"Artevia O\u00dc","url":"https:\/\/artevia.ee\/","logo":{"@type":"ImageObject","inLanguage":"ru-RU","@id":"https:\/\/artevia.ee\/#\/schema\/logo\/image\/","url":"https:\/\/artevia.ee\/wp-content\/uploads\/2023\/10\/customcolor_logo_transparent_background.png","contentUrl":"https:\/\/artevia.ee\/wp-content\/uploads\/2023\/10\/customcolor_logo_transparent_background.png","width":2560,"height":1536,"caption":"Artevia"},"image":{"@id":"https:\/\/artevia.ee\/#\/schema\/logo\/image\/"},"sameAs":["https:\/\/www.facebook.com\/Artevia.ee","https:\/\/www.instagram.com\/artevia.ee\/"]}]}},"_links":{"self":[{"href":"https:\/\/artevia.ee\/ru\/wp-json\/wp\/v2\/pages\/12772","targetHints":{"allow":["GET"]}}],"collection":[{"href":"https:\/\/artevia.ee\/ru\/wp-json\/wp\/v2\/pages"}],"about":[{"href":"https:\/\/artevia.ee\/ru\/wp-json\/wp\/v2\/types\/page"}],"author":[{"embeddable":true,"href":"https:\/\/artevia.ee\/ru\/wp-json\/wp\/v2\/users\/1"}],"replies":[{"embeddable":true,"href":"https:\/\/artevia.ee\/ru\/wp-json\/wp\/v2\/comments?post=12772"}],"version-history":[{"count":9,"href":"https:\/\/artevia.ee\/ru\/wp-json\/wp\/v2\/pages\/12772\/revisions"}],"predecessor-version":[{"id":25294,"href":"https:\/\/artevia.ee\/ru\/wp-json\/wp\/v2\/pages\/12772\/revisions\/25294"}],"wp:attachment":[{"href":"https:\/\/artevia.ee\/ru\/wp-json\/wp\/v2\/media?parent=12772"}],"curies":[{"name":"wp","href":"https:\/\/api.w.org\/{rel}","templated":true}]}}